{"id":89,"date":"2025-07-05T21:18:13","date_gmt":"2025-07-05T21:18:13","guid":{"rendered":"https:\/\/brisfacility.no\/?page_id=89"},"modified":"2025-07-06T19:13:25","modified_gmt":"2025-07-06T19:13:25","slug":"tjenester-tjenester-renhold-for-borettslag-og-sameier","status":"publish","type":"page","link":"https:\/\/brisfacility.no\/index.php\/tjenester\/tjenester-tjenester-renhold-for-borettslag-og-sameier\/","title":{"rendered":"Renhold for borettslag og sameier"},"content":{"rendered":"\n<figure class=\"wp-block-image size-large\"><img loading=\"lazy\" decoding=\"async\" width=\"1024\" height=\"614\" src=\"https:\/\/brisfacility.no\/wp-content\/uploads\/2025\/07\/output-1024x614.png\" alt=\"\" class=\"wp-image-116\" srcset=\"https:\/\/brisfacility.no\/wp-content\/uploads\/2025\/07\/output-1024x614.png 1024w, https:\/\/brisfacility.no\/wp-content\/uploads\/2025\/07\/output-300x180.png 300w, https:\/\/brisfacility.no\/wp-content\/uploads\/2025\/07\/output-768x461.png 768w, https:\/\/brisfacility.no\/wp-content\/uploads\/2025\/07\/output-1536x921.png 1536w, https:\/\/brisfacility.no\/wp-content\/uploads\/2025\/07\/output.png 1667w\" sizes=\"auto, (max-width: 1024px) 100vw, 1024px\" \/><\/figure>\n\n\n\n<div class=\"wp-block-group alignfull is-layout-constrained wp-container-core-group-is-layout-c2b63da3 wp-block-group-is-layout-constrained\" style=\"margin-top:0px;margin-bottom:0px;padding-top:var(--wp--preset--spacing--80);padding-right:var(--wp--preset--spacing--40);padding-bottom:var(--wp--preset--spacing--80);padding-left:var(--wp--preset--spacing--40)\">\n<div class=\"wp-block-group alignwide is-layout-flow wp-block-group-is-layout-flow\">\n<div class=\"wp-block-columns is-layout-flex wp-container-core-columns-is-layout-643ced6b wp-block-columns-is-layout-flex\">\n<div class=\"wp-block-column is-layout-flow wp-block-column-is-layout-flow\">\n<h2 class=\"wp-block-heading\">Renhold for borettslag<\/h2>\n\n\n\n<p>Trygge og rene fellesomr\u00e5der som skaper trivsel<\/p>\n\n\n\n<hr class=\"wp-block-separator has-text-color has-raft-accent-color has-alpha-channel-opacity has-raft-accent-background-color has-background\"\/>\n\n\n\n<p class=\"has-large-font-size\">Et rent og pent borettslag gir et godt inntrykk og bidrar til \u00f8kt trivsel for alle som bor der. Bris Facility tilbyr profesjonelle renholdstjenester for borettslag i Oslo og omegn, med fleksible l\u00f8sninger tilpasset deres behov. Vi s\u00f8rger for at fellesarealer, trappeoppganger og inngangspartier alltid er rene, ryddige og innbydende.<\/p>\n<\/div>\n\n\n\n<div class=\"wp-block-column is-vertically-aligned-top is-layout-flow wp-block-column-is-layout-flow\">\n<h3 class=\"wp-block-heading\">Vi tilbyr blant annet:<\/h3>\n\n\n\n<ul class=\"wp-block-list\">\n<li><strong>Regelmessig trappevask:<\/strong> Vi utf\u00f8rer grundig vask av trapper og oppganger \u2013 ukentlig eller etter avtalt frekvens.<\/li>\n\n\n\n<li><strong>Rengj\u00f8ring av inngangspartier, heiser og fellesrom:<\/strong> Vi s\u00f8rger for at alle fellesomr\u00e5der alltid er rene og innbydende.<\/li>\n\n\n\n<li><strong>Vindusvask og vedlikeholdsvask:<\/strong> Vi tilbyr vindusvask og ekstra vedlikehold ved behov for \u00e5 holde bygget i god stand.<\/li>\n\n\n\n<li><strong>Rydding og h\u00e5ndtering av avfall i fellesomr\u00e5der:<\/strong> Vi sikrer at fellesarealer holdes ryddige, og tar h\u00e5nd om avfall og s\u00f8ppelh\u00e5ndtering.<\/li>\n\n\n\n<li><strong>Skreddersydde renholdsl\u00f8sninger:<\/strong> Vi tilpasser renholdet etter deres behov og \u00f8nsker, enten det er sm\u00e5 eller store sameier.<\/li>\n<\/ul>\n\n\n\n<p>\u00d8nsker dere et p\u00e5litelig og stabilt renholdsteam?<br><strong>Ta kontakt med oss for en gratis og uforpliktende befaring!<\/strong><\/p>\n<\/div>\n<\/div>\n<\/div>\n<\/div>\n","protected":false},"excerpt":{"rendered":"<p>Renhold for borettslag Trygge og rene fellesomr\u00e5der som skaper trivsel Et rent og pent borettslag gir et godt inntrykk og bidrar til \u00f8kt trivsel for alle som bor der. Bris Facility tilbyr profesjonelle renholdstjenester for borettslag i Oslo og omegn, med fleksible l\u00f8sninger tilpasset deres behov. Vi s\u00f8rger for at fellesarealer, trappeoppganger og inngangspartier alltid [&hellip;]<\/p>\n","protected":false},"author":1,"featured_media":0,"parent":33,"menu_order":0,"comment_status":"closed","ping_status":"closed","template":"","meta":{"_themeisle_gutenberg_block_has_review":false,"footnotes":""},"class_list":["post-89","page","type-page","status-publish","hentry"],"_links":{"self":[{"href":"https:\/\/brisfacility.no\/index.php\/wp-json\/wp\/v2\/pages\/89","targetHints":{"allow":["GET"]}}],"collection":[{"href":"https:\/\/brisfacility.no\/index.php\/wp-json\/wp\/v2\/pages"}],"about":[{"href":"https:\/\/brisfacility.no\/index.php\/wp-json\/wp\/v2\/types\/page"}],"author":[{"embeddable":true,"href":"https:\/\/brisfacility.no\/index.php\/wp-json\/wp\/v2\/users\/1"}],"replies":[{"embeddable":true,"href":"https:\/\/brisfacility.no\/index.php\/wp-json\/wp\/v2\/comments?post=89"}],"version-history":[{"count":7,"href":"https:\/\/brisfacility.no\/index.php\/wp-json\/wp\/v2\/pages\/89\/revisions"}],"predecessor-version":[{"id":314,"href":"https:\/\/brisfacility.no\/index.php\/wp-json\/wp\/v2\/pages\/89\/revisions\/314"}],"up":[{"embeddable":true,"href":"https:\/\/brisfacility.no\/index.php\/wp-json\/wp\/v2\/pages\/33"}],"wp:attachment":[{"href":"https:\/\/brisfacility.no\/index.php\/wp-json\/wp\/v2\/media?parent=89"}],"curies":[{"name":"wp","href":"https:\/\/api.w.org\/{rel}","templated":true}]}}